{"id":742,"date":"2020-11-17T08:17:05","date_gmt":"2020-11-17T07:17:05","guid":{"rendered":"https:\/\/www.keiko.rs\/ophthalmology\/cataract-surgery-in-dogs-and-cats\/"},"modified":"2023-02-03T20:47:34","modified_gmt":"2023-02-03T19:47:34","slug":"cataract-surgery-in-dogs-and-cats","status":"publish","type":"page","link":"https:\/\/oculus-vet.com\/en\/ophthalmology\/cataract-surgery-in-dogs-and-cats\/","title":{"rendered":"Cataract surgery in dogs and cats"},"content":{"rendered":"<p>[vc_row][vc_column][vc_column_text]<\/p>\n<h1 class=\"entry-title\">Operacija katarakte kod pasa i ma\u010daka<\/h1>\n<p>Katarakta predstavlja naj\u010de\u0161\u0107i razlog gubitka vida ku\u0107nih ljubimaca. Ukoliko se ne operi\u0161e, mo\u017ee dovesti do brojnih komplikacija: intraokularne inflamacije, luksacije so\u010diva, odvajanja retine, <a href=\"https:\/\/oculus-vet.com\/glaukom-kod-pasa\/\">glaukoma<\/a> i na kraju do slepila. Hirurgija katarakte se obavlja na sli\u010dan na\u010din kao kod humanih pacijenata (fakoemulzifikacija).<\/p>\n<p>Operaciju katarakte kod ku\u0107nih ljubimaca se obavlja kod nas u ordinaciji.[\/vc_column_text][\/vc_column][\/vc_row][vc_row_inner][vc_column_inner width=&#8221;1\/3&#8243;][vc_single_image image=&#8221;3263&#8243; img_size=&#8221;medium&#8221; add_caption=&#8221;yes&#8221; alignment=&#8221;center&#8221;][\/vc_column_inner][vc_column_inner width=&#8221;2\/3&#8243;][vc_column_text el_class=&#8221;m-b-sm&#8221;]Ono \u0161to razlikuje operaciju katarakte kod ljudi i ku\u0107nih ljubimaca je preoperativni i postoperativni tok, kao i sama hirurgija, koja je daleko te\u017ea u poredjenju sa standardnom hirurgijom katarakte kod ljudskih pacijenata.<\/p>\n<p>Katarakta kod pasa uglavnom izaziva vrlo sna\u017enu inflamatornu reakciju u oku, sto nije slu\u010daj kod ljudi. Pre operacije katarakte, vrlo je va\u017eno da se smiri nivo upale u oku medikamentima, dok u nekim slu\u010dajevima inflamacija i ruptura so\u010diva diktiraju urgentno uklanjanje katarakte kako bi se spasilo oko. Nalazi preoperativnih pregleda \u0107e uticati na sam tok operacije. Abnormalnosti sa kvalitetom iIi kvantitetom produkcije suza, psrisustvo hroni\u010dne inflamacije, prisustvo nasledne predispozicije ka glaukomu (bolest visokog o\u010dnog pritiska), kao i prisustvo promena u zadnjem segment oka su rizik faktori koji moraju da se dijagnostikuju, procene i adekvatno saniraju pre i posle operacije katarakte, kako bi se izbegle ozbiljne postoperativne komplikacije.<\/p>\n<p>Ukoliko pas vec ima <a href=\"https:\/\/oculus-vet.com\/glaukom-kod-pasa\/\">glaukom<\/a>, mora se izvr\u0161iti dodatni <a href=\"https:\/\/oculus-vet.com\/glaukom-kod-pasa\/\">hirur\u0161ki zahvat za glaukom<\/a> u toku hirurgije katarakte da bi se uspostavila kontrola o\u010dnog pritiska.<\/p>\n<p>Pre operacije se svakom pacijentu radi redovan <a href=\"https:\/\/oculus-vet.com\/oftalmologija\/ultrazvuk-oka\/\">ultrazvuk oka<\/a> (ultrazvu\u010dni pregled kojim se pregledaju sve o\u010dne strukture koje ne mogu da se vide zbog prisustva katarakte, a naro\u010dito se obra\u0107a pa\u017enja na simptome odlepljenja retine), gonioskopija i ultrazvuk visoke frekvencije (metod kojim se pregleda drena\u017eni sistem oka kako bi se procenio rizik razvoja glaukoma) i <a href=\"https:\/\/oculus-vet.com\/oftalmologija\/elektroretinografija-erg\/\">elektroretinogram<\/a> (metoda kojom se meri elektri\u010dna aktivnost retine na isti nacin kao \u0161to EKG meri elektri\u010dnu aktivnost srca). Nakon svih obavljenih pretraga, daje se vlasniku prognoza uspe\u0161nosti operacije i donosi se odluka o na\u010dinu na koji \u0107e se hirurgija izvr\u0161iti. Postperativno, oko psa reaguje potpuno druga\u010dije od ljudskog oka. Pas se posle hirurgije pa\u017eljivo prati i individualno se odredjuje terapija. Zahvaljuju\u0107i ovim koracima, uspe\u0161nost operacije katarakte je izme\u0111u 90-95% (\u0161to zavisi od rase, vrste katarakte, du\u017eine trajanja samog oboljenja&#8230;)[\/vc_column_text][\/vc_column_inner][\/vc_row_inner][vc_row_inner][vc_column_inner width=&#8221;1\/3&#8243;][vc_single_image image=&#8221;1614&#8243; img_size=&#8221;medium&#8221; add_caption=&#8221;yes&#8221; alignment=&#8221;center&#8221;][\/vc_column_inner][vc_column_inner width=&#8221;2\/3&#8243;][vc_column_text el_class=&#8221;m-b-sm&#8221;]Sama hirurgija se obavlja istim metodom kao kod ljudi, sem \u0161to je so\u010divo kod psa i ma\u010dke znatno tvr\u0111e i ve\u0107e tako da lekari oftalmolozi koji su imali prilike da observiraju katarakta hirurgiju kod pasa i ma\u010daka, vrlo \u010desto porede ovaj tip hirurgije sa najkomplikovanijim hirurgijama katarakte kod ljudskih pacijenata.<\/p>\n<p>Mala sonda koja pulsira se uvodi u oko, pri \u010demu se izaziva destrukcija katarakte. Po\u0161to se katarakta uni\u0161ti i ,,usisavanjem\u201c ukloni, u oko se postavlja ve\u0161ta\u010dko so\u010divo. Nekada je neophodna hitna operacija katarakte, naro\u010dito kod pacijenata sa dijabetesom (mogu\u0107 je akutni otok katarakte sa sekundarnim glaukomom i nekontrolisanom inflamacijom), ili kod traumatskih povreda so\u010diva. U tim situacijama, operacija katarakte spa\u0161ava vid a u nekim slu\u010dajevima spa\u0161ava i oko.[\/vc_column_text][\/vc_column_inner][\/vc_row_inner][vc_row][vc_column][vc_video link=&#8221;https:\/\/www.youtube.com\/watch?v=GY9P0ZYsQjw&#8221; align=&#8221;center&#8221;][vc_column_text][\/vc_column_text][\/vc_column][\/vc_row][vc_row][vc_column][vc_column_text]<\/p>\n<h2>Prirema za operaciju katarakte i postoperatvni tok<\/h2>\n<p>Ishod operacije katarakte zavisi od stanja oka i stanja pacijenta pre hirurgije, kao i od redovnih postoperativnih kontrola, kojima se pa\u017eljivo prati oporavak oka posle hirurgije i pravovremeno saniraju mogu\u0107e komplikacije koje su daleko \u010de\u0161\u0107e kod ku\u0107nih ljubimaca u pore\u0111enju sa hirurgijom katarakte kod ljudi.<\/p>\n<p>Detaljan oftalmolo\u0161ki pregled je neophodan da bi se utvrdilo da li je pacijent dobar kandidat za hirurgiju. Mora se isklju\u010diti mogu\u0107nost postojanja hroni\u010dne infekcije, poput bakterijskih infekcija zuba, urina ili ko\u017ee, po\u0161to je mogu\u0107a migracija bakterija u oko posle katarakta hirurgije.<\/p>\n<p>Zato se vlasnicima savetuje da odvedu ljubimca na stomatolo\u0161ki pregled i uklanjanje velikih naslaga kamenca pre operacije katarakte (male naslage kamenca obi\u010dno ne predstavljaju problem). Sve ko\u017ene probleme psa (bakterijske prirode ili alergijske prirode) treba staviti pod kontrolu pre operacije ili neposredno posle operacije.<\/p>\n<p>Vlasnik treba da odvede ljubimca kod svog izabranog veterinara da bi uradili <strong>slede\u0107e analize i preglede<\/strong>: krvnu sliku, biohemiju, urin (fizi\u010dko hemijska svojstva i mikrobiogiju) i op\u0161ti klini\u010dki pregled uz auskultaciju srca.<\/p>\n<p>Sve nalaze koje dobijete, dostavljate nam na mejl i dogovaramo se o terminu za operaciju.<\/p>\n<h3>Preoperativni tok<\/h3>\n<p>Katarakta se mora operisati \u0161to je pre mogu\u0107e da bi se obezbedio dobar ishod i da bi se izbegle <strong>komplikacije koje ona izaziva<\/strong>. Ponekad katarakta zahteva urgentno uklanjanje i nismo u situaciji da ispo\u0161tujemo prehirur\u0161ki protokol. U svim ostalim slu\u010dajevima, protokol pre hirurgije je slede\u0107i:<\/p>\n<p>1-3 Dana pre hirurgije treba zapo\u010deti terapiju sa kapima za o\u010di, vi\u0161e vrsta.<\/p>\n<p>1-3 Dana pre hirurgije treba zapo\u010deti\u00a0sistemsku terapiju sa kortikosteroidima (nesteroidnim antiinflamatornim sredstvom kod pasa sa dijabetesom) i antibioticima.<\/p>\n<h3>Hirurgija i postoperativni tok<\/h3>\n<ol>\n<li>Za hirurgiju je neophodno da odvojite \u010ditav dan. Treba da dovedete psa u bolnicu u prepodnevnim satima. Treba da mu uskratite hranu 12h, a vodu 3h pre zakazane operacije (za patuljaste rase pasa, \u0161tence i pacijente sa dijabetesom \u0107ete dobiti posebna uputstva).Treba da <strong>ponesete svu terapiju<\/strong> koju pacijent dobija i zdravstene nalaze sa sobom. Tog jutra pre hirurgije, nemojte davati pacijentu lekove koji idu preko usta, mo\u017eete samo stavljati kapi za o\u010di.Psima sa dijabetesom, <strong>dajte pola doze insulina<\/strong>. Pacijent \u0107e u bolnici provesti \u010ditav dan, \u0161to zna\u010di da \u010de posle hirurgije pacijent jo\u0161 4-6h provesti pod na\u0161im nadzorom. Mi \u0107emo Vas nazvati i obavestiti kada treba da do\u0111ete po Va\u0161eg ljubimca.<\/li>\n<li><strong>Rani postoperativni period<\/strong>: U toku prve dve nedelje od operacije. Treba da koristite kapi za o\u010di 3-6 puta dnevno i tablete dva puta dnevno. Bilo bi po\u017eeljno da dovedete psa na konrolu jednom ili dva puta u toku prve dve nedelje postoperativno. Od kraja druge do kraja \u0161este nedelje postoperativno, savetujemo da se <strong>konrola obavlja jednom nedeljno<\/strong> ili jednom u dve nedelje. Nastavljate terapiju sa kapima za o\u010di, 2-3 puta dnevno i sa tabletama jednom dnevno.<\/li>\n<li><strong>Kasniji postoperativni period<\/strong>: Od drugog do \u0161estog meseca posle hirurgije savetujemo kontrole jednom u mesec dana ili jednom u dva meseca. Kapi za o\u010di stavljate dva puta dnevno. Od \u0161estog meseca posle hirurgije, kontrole se savetuju dva puta godi\u0161nje.<\/li>\n<\/ol>\n<p>[\/vc_column_text][\/vc_column][\/vc_row][vc_row][vc_column][vc_btn title=&#8221;Kontaktirajte hirurga&#8221; style=&#8221;flat&#8221; align=&#8221;center&#8221; skin=&#8221;primary&#8221; link=&#8221;url:https%3A%2F%2Foculus-vet.com%2Fen%2Fcontact%2F|title:Kontaktirajte%20veterinara%20hirurga|&#8221;][\/vc_column][\/vc_row]<\/p>\n","protected":false},"excerpt":{"rendered":"<p>[vc_row][vc_column][vc_column_text] Operacija katarakte kod pasa i ma\u010daka Katarakta predstavlja naj\u010de\u0161\u0107i razlog gubitka vida ku\u0107nih ljubimaca. Ukoliko se ne operi\u0161e, mo\u017ee dovesti do brojnih komplikacija: intraokularne inflamacije, luksacije so\u010diva, odvajanja retine, glaukoma i na kraju do slepila. Hirurgija katarakte se obavlja na sli\u010dan na\u010din kao kod humanih pacijenata (fakoemulzifikacija). Operaciju katarakte kod ku\u0107nih ljubimaca se obavlja [&hellip;]<\/p>\n","protected":false},"author":1,"featured_media":0,"parent":738,"menu_order":0,"comment_status":"closed","ping_status":"closed","template":"","meta":{"_mi_skip_tracking":false,"footnotes":""},"yoast_head":"<!-- This site is optimized with the Yoast SEO plugin v18.0 - https:\/\/yoast.com\/wordpress\/plugins\/seo\/ -->\n<title>Cataract surgery in dogs and cats - Oculus Vet<\/title>\n<meta name=\"robots\" content=\"index, follow, max-snippet:-1, max-image-preview:large, max-video-preview:-1\" \/>\n<link rel=\"canonical\" href=\"https:\/\/oculus-vet.com\/en\/ophthalmology\/cataract-surgery-in-dogs-and-cats\/\" \/>\n<meta property=\"og:locale\" content=\"en_GB\" \/>\n<meta property=\"og:type\" content=\"article\" \/>\n<meta property=\"og:title\" content=\"Cataract surgery in dogs and cats - Oculus Vet\" \/>\n<meta property=\"og:description\" content=\"[vc_row][vc_column][vc_column_text] Operacija katarakte kod pasa i ma\u010daka Katarakta predstavlja naj\u010de\u0161\u0107i razlog gubitka vida ku\u0107nih ljubimaca. Ukoliko se ne operi\u0161e, mo\u017ee dovesti do brojnih komplikacija: intraokularne inflamacije, luksacije so\u010diva, odvajanja retine, glaukoma i na kraju do slepila. Hirurgija katarakte se obavlja na sli\u010dan na\u010din kao kod humanih pacijenata (fakoemulzifikacija). Operaciju katarakte kod ku\u0107nih ljubimaca se obavlja [&hellip;]\" \/>\n<meta property=\"og:url\" content=\"https:\/\/oculus-vet.com\/en\/ophthalmology\/cataract-surgery-in-dogs-and-cats\/\" \/>\n<meta property=\"og:site_name\" content=\"Oculus Vet\" \/>\n<meta property=\"article:publisher\" content=\"https:\/\/www.facebook.com\/urgentnavet\" \/>\n<meta property=\"article:modified_time\" content=\"2023-02-03T19:47:34+00:00\" \/>\n<meta name=\"twitter:card\" content=\"summary_large_image\" \/>\n<meta name=\"twitter:label1\" content=\"Estimated reading time\" \/>\n\t<meta name=\"twitter:data1\" content=\"6 minutes\" \/>\n<script type=\"application\/ld+json\" class=\"yoast-schema-graph\">{\"@context\":\"https:\/\/schema.org\",\"@graph\":[{\"@type\":\"Organization\",\"@id\":\"https:\/\/oculus-vet.com\/en\/#organization\",\"name\":\"Oculus Vet\",\"url\":\"https:\/\/oculus-vet.com\/en\/\",\"sameAs\":[\"https:\/\/www.facebook.com\/urgentnavet\",\"https:\/\/www.instagram.com\/veterinarska_ambulanta_okulus\/\"],\"logo\":{\"@type\":\"ImageObject\",\"@id\":\"https:\/\/oculus-vet.com\/en\/#logo\",\"inLanguage\":\"en-GB\",\"url\":\"https:\/\/oculus-vet.com\/wp-content\/uploads\/2021\/03\/logo.png\",\"contentUrl\":\"https:\/\/oculus-vet.com\/wp-content\/uploads\/2021\/03\/logo.png\",\"width\":500,\"height\":318,\"caption\":\"Oculus Vet\"},\"image\":{\"@id\":\"https:\/\/oculus-vet.com\/en\/#logo\"}},{\"@type\":\"WebSite\",\"@id\":\"https:\/\/oculus-vet.com\/en\/#website\",\"url\":\"https:\/\/oculus-vet.com\/en\/\",\"name\":\"Oculus Vet\",\"description\":\"Veterinarska oftalmolo\u0161ka klinika - Oculus Vet\",\"publisher\":{\"@id\":\"https:\/\/oculus-vet.com\/en\/#organization\"},\"potentialAction\":[{\"@type\":\"SearchAction\",\"target\":{\"@type\":\"EntryPoint\",\"urlTemplate\":\"https:\/\/oculus-vet.com\/en\/?s={search_term_string}\"},\"query-input\":\"required name=search_term_string\"}],\"inLanguage\":\"en-GB\"},{\"@type\":\"WebPage\",\"@id\":\"https:\/\/oculus-vet.com\/en\/ophthalmology\/cataract-surgery-in-dogs-and-cats\/#webpage\",\"url\":\"https:\/\/oculus-vet.com\/en\/ophthalmology\/cataract-surgery-in-dogs-and-cats\/\",\"name\":\"Cataract surgery in dogs and cats - Oculus Vet\",\"isPartOf\":{\"@id\":\"https:\/\/oculus-vet.com\/en\/#website\"},\"datePublished\":\"2020-11-17T07:17:05+00:00\",\"dateModified\":\"2023-02-03T19:47:34+00:00\",\"breadcrumb\":{\"@id\":\"https:\/\/oculus-vet.com\/en\/ophthalmology\/cataract-surgery-in-dogs-and-cats\/#breadcrumb\"},\"inLanguage\":\"en-GB\",\"potentialAction\":[{\"@type\":\"ReadAction\",\"target\":[\"https:\/\/oculus-vet.com\/en\/ophthalmology\/cataract-surgery-in-dogs-and-cats\/\"]}]},{\"@type\":\"BreadcrumbList\",\"@id\":\"https:\/\/oculus-vet.com\/en\/ophthalmology\/cataract-surgery-in-dogs-and-cats\/#breadcrumb\",\"itemListElement\":[{\"@type\":\"ListItem\",\"position\":1,\"name\":\"Po\u010detna\",\"item\":\"https:\/\/oculus-vet.com\/en\/\"},{\"@type\":\"ListItem\",\"position\":2,\"name\":\"Ophthalmology\",\"item\":\"https:\/\/oculus-vet.com\/en\/ophthalmology\/\"},{\"@type\":\"ListItem\",\"position\":3,\"name\":\"Cataract surgery in dogs and cats\"}]}]}<\/script>\n<!-- \/ Yoast SEO plugin. -->","yoast_head_json":{"title":"Cataract surgery in dogs and cats - Oculus Vet","robots":{"index":"index","follow":"follow","max-snippet":"max-snippet:-1","max-image-preview":"max-image-preview:large","max-video-preview":"max-video-preview:-1"},"canonical":"https:\/\/oculus-vet.com\/en\/ophthalmology\/cataract-surgery-in-dogs-and-cats\/","og_locale":"en_GB","og_type":"article","og_title":"Cataract surgery in dogs and cats - Oculus Vet","og_description":"[vc_row][vc_column][vc_column_text] Operacija katarakte kod pasa i ma\u010daka Katarakta predstavlja naj\u010de\u0161\u0107i razlog gubitka vida ku\u0107nih ljubimaca. Ukoliko se ne operi\u0161e, mo\u017ee dovesti do brojnih komplikacija: intraokularne inflamacije, luksacije so\u010diva, odvajanja retine, glaukoma i na kraju do slepila. Hirurgija katarakte se obavlja na sli\u010dan na\u010din kao kod humanih pacijenata (fakoemulzifikacija). Operaciju katarakte kod ku\u0107nih ljubimaca se obavlja [&hellip;]","og_url":"https:\/\/oculus-vet.com\/en\/ophthalmology\/cataract-surgery-in-dogs-and-cats\/","og_site_name":"Oculus Vet","article_publisher":"https:\/\/www.facebook.com\/urgentnavet","article_modified_time":"2023-02-03T19:47:34+00:00","twitter_card":"summary_large_image","twitter_misc":{"Estimated reading time":"6 minutes"},"schema":{"@context":"https:\/\/schema.org","@graph":[{"@type":"Organization","@id":"https:\/\/oculus-vet.com\/en\/#organization","name":"Oculus Vet","url":"https:\/\/oculus-vet.com\/en\/","sameAs":["https:\/\/www.facebook.com\/urgentnavet","https:\/\/www.instagram.com\/veterinarska_ambulanta_okulus\/"],"logo":{"@type":"ImageObject","@id":"https:\/\/oculus-vet.com\/en\/#logo","inLanguage":"en-GB","url":"https:\/\/oculus-vet.com\/wp-content\/uploads\/2021\/03\/logo.png","contentUrl":"https:\/\/oculus-vet.com\/wp-content\/uploads\/2021\/03\/logo.png","width":500,"height":318,"caption":"Oculus Vet"},"image":{"@id":"https:\/\/oculus-vet.com\/en\/#logo"}},{"@type":"WebSite","@id":"https:\/\/oculus-vet.com\/en\/#website","url":"https:\/\/oculus-vet.com\/en\/","name":"Oculus Vet","description":"Veterinarska oftalmolo\u0161ka klinika - Oculus Vet","publisher":{"@id":"https:\/\/oculus-vet.com\/en\/#organization"},"potentialAction":[{"@type":"SearchAction","target":{"@type":"EntryPoint","urlTemplate":"https:\/\/oculus-vet.com\/en\/?s={search_term_string}"},"query-input":"required name=search_term_string"}],"inLanguage":"en-GB"},{"@type":"WebPage","@id":"https:\/\/oculus-vet.com\/en\/ophthalmology\/cataract-surgery-in-dogs-and-cats\/#webpage","url":"https:\/\/oculus-vet.com\/en\/ophthalmology\/cataract-surgery-in-dogs-and-cats\/","name":"Cataract surgery in dogs and cats - Oculus Vet","isPartOf":{"@id":"https:\/\/oculus-vet.com\/en\/#website"},"datePublished":"2020-11-17T07:17:05+00:00","dateModified":"2023-02-03T19:47:34+00:00","breadcrumb":{"@id":"https:\/\/oculus-vet.com\/en\/ophthalmology\/cataract-surgery-in-dogs-and-cats\/#breadcrumb"},"inLanguage":"en-GB","potentialAction":[{"@type":"ReadAction","target":["https:\/\/oculus-vet.com\/en\/ophthalmology\/cataract-surgery-in-dogs-and-cats\/"]}]},{"@type":"BreadcrumbList","@id":"https:\/\/oculus-vet.com\/en\/ophthalmology\/cataract-surgery-in-dogs-and-cats\/#breadcrumb","itemListElement":[{"@type":"ListItem","position":1,"name":"Po\u010detna","item":"https:\/\/oculus-vet.com\/en\/"},{"@type":"ListItem","position":2,"name":"Ophthalmology","item":"https:\/\/oculus-vet.com\/en\/ophthalmology\/"},{"@type":"ListItem","position":3,"name":"Cataract surgery in dogs and cats"}]}]}},"_links":{"self":[{"href":"https:\/\/oculus-vet.com\/en\/wp-json\/wp\/v2\/pages\/742"}],"collection":[{"href":"https:\/\/oculus-vet.com\/en\/wp-json\/wp\/v2\/pages"}],"about":[{"href":"https:\/\/oculus-vet.com\/en\/wp-json\/wp\/v2\/types\/page"}],"author":[{"embeddable":true,"href":"https:\/\/oculus-vet.com\/en\/wp-json\/wp\/v2\/users\/1"}],"replies":[{"embeddable":true,"href":"https:\/\/oculus-vet.com\/en\/wp-json\/wp\/v2\/comments?post=742"}],"version-history":[{"count":6,"href":"https:\/\/oculus-vet.com\/en\/wp-json\/wp\/v2\/pages\/742\/revisions"}],"predecessor-version":[{"id":3299,"href":"https:\/\/oculus-vet.com\/en\/wp-json\/wp\/v2\/pages\/742\/revisions\/3299"}],"up":[{"embeddable":true,"href":"https:\/\/oculus-vet.com\/en\/wp-json\/wp\/v2\/pages\/738"}],"wp:attachment":[{"href":"https:\/\/oculus-vet.com\/en\/wp-json\/wp\/v2\/media?parent=742"}],"curies":[{"name":"wp","href":"https:\/\/api.w.org\/{rel}","templated":true}]}}